{"id":5626,"date":"2024-11-28T12:16:42","date_gmt":"2024-11-28T11:16:42","guid":{"rendered":"https:\/\/tz-novi-vinodolski.hr\/prozkoumejte-a-zazijte\/ubytovani\/apartmani\/"},"modified":"2025-08-17T12:51:37","modified_gmt":"2025-08-17T10:51:37","slug":"apartmany-a-rekreacni-domy","status":"publish","type":"page","link":"https:\/\/tz-novi-vinodolski.hr\/cs\/prozkoumejte-a-zazijte\/ubytovani\/apartmany-a-rekreacni-domy\/","title":{"rendered":"Apartm\u00e1ny a rekrea\u010dn\u00ed domy"},"content":{"rendered":"","protected":false},"excerpt":{"rendered":"","protected":false},"author":1,"featured_media":2957,"parent":5442,"menu_order":50,"comment_status":"closed","ping_status":"closed","template":"page-child.php","meta":{"_acf_changed":false,"footnotes":""},"class_list":["post-5626","page","type-page","status-publish","has-post-thumbnail","hentry"],"acf":[],"_links":{"self":[{"href":"https:\/\/tz-novi-vinodolski.hr\/cs\/wp-json\/wp\/v2\/pages\/5626","targetHints":{"allow":["GET"]}}],"collection":[{"href":"https:\/\/tz-novi-vinodolski.hr\/cs\/wp-json\/wp\/v2\/pages"}],"about":[{"href":"https:\/\/tz-novi-vinodolski.hr\/cs\/wp-json\/wp\/v2\/types\/page"}],"author":[{"embeddable":true,"href":"https:\/\/tz-novi-vinodolski.hr\/cs\/wp-json\/wp\/v2\/users\/1"}],"replies":[{"embeddable":true,"href":"https:\/\/tz-novi-vinodolski.hr\/cs\/wp-json\/wp\/v2\/comments?post=5626"}],"version-history":[{"count":8,"href":"https:\/\/tz-novi-vinodolski.hr\/cs\/wp-json\/wp\/v2\/pages\/5626\/revisions"}],"predecessor-version":[{"id":14302,"href":"https:\/\/tz-novi-vinodolski.hr\/cs\/wp-json\/wp\/v2\/pages\/5626\/revisions\/14302"}],"up":[{"embeddable":true,"href":"https:\/\/tz-novi-vinodolski.hr\/cs\/wp-json\/wp\/v2\/pages\/5442"}],"wp:featuredmedia":[{"embeddable":true,"href":"https:\/\/tz-novi-vinodolski.hr\/cs\/wp-json\/wp\/v2\/media\/2957"}],"wp:attachment":[{"href":"https:\/\/tz-novi-vinodolski.hr\/cs\/wp-json\/wp\/v2\/media?parent=5626"}],"curies":[{"name":"wp","href":"https:\/\/api.w.org\/{rel}","templated":true}]}}