{"id":5830,"date":"2025-03-20T15:36:28","date_gmt":"2025-03-20T14:36:28","guid":{"rendered":"https:\/\/tz-novi-vinodolski.hr\/?page_id=5830"},"modified":"2025-03-21T14:04:59","modified_gmt":"2025-03-21T13:04:59","slug":"nadchazejici-udalosti","status":"publish","type":"page","link":"https:\/\/tz-novi-vinodolski.hr\/cs\/nadchazejici-udalosti\/","title":{"rendered":"Nadch\u00e1zej\u00edc\u00ed ud\u00e1losti"},"content":{"rendered":"","protected":false},"excerpt":{"rendered":"","protected":false},"author":1,"featured_media":0,"parent":0,"menu_order":232,"comment_status":"closed","ping_status":"closed","template":"page-upcoming-events.php","meta":{"_acf_changed":false,"footnotes":""},"class_list":["post-5830","page","type-page","status-publish","hentry"],"acf":[],"_links":{"self":[{"href":"https:\/\/tz-novi-vinodolski.hr\/cs\/wp-json\/wp\/v2\/pages\/5830","targetHints":{"allow":["GET"]}}],"collection":[{"href":"https:\/\/tz-novi-vinodolski.hr\/cs\/wp-json\/wp\/v2\/pages"}],"about":[{"href":"https:\/\/tz-novi-vinodolski.hr\/cs\/wp-json\/wp\/v2\/types\/page"}],"author":[{"embeddable":true,"href":"https:\/\/tz-novi-vinodolski.hr\/cs\/wp-json\/wp\/v2\/users\/1"}],"replies":[{"embeddable":true,"href":"https:\/\/tz-novi-vinodolski.hr\/cs\/wp-json\/wp\/v2\/comments?post=5830"}],"version-history":[{"count":2,"href":"https:\/\/tz-novi-vinodolski.hr\/cs\/wp-json\/wp\/v2\/pages\/5830\/revisions"}],"predecessor-version":[{"id":6459,"href":"https:\/\/tz-novi-vinodolski.hr\/cs\/wp-json\/wp\/v2\/pages\/5830\/revisions\/6459"}],"wp:attachment":[{"href":"https:\/\/tz-novi-vinodolski.hr\/cs\/wp-json\/wp\/v2\/media?parent=5830"}],"curies":[{"name":"wp","href":"https:\/\/api.w.org\/{rel}","templated":true}]}}