{"id":5878,"date":"2024-05-28T16:49:17","date_gmt":"2024-05-28T14:49:17","guid":{"rendered":"https:\/\/tz-novi-vinodolski.hr\/prozkoumejte-a-zazijte\/aktivni-odpocinek\/biciklisticke-staze\/"},"modified":"2025-03-28T18:13:29","modified_gmt":"2025-03-28T17:13:29","slug":"biciklisticke-staze","status":"publish","type":"page","link":"https:\/\/tz-novi-vinodolski.hr\/cs\/prozkoumejte-a-zazijte\/aktivni-odpocinek\/biciklisticke-staze\/","title":{"rendered":"Cyklistick\u00e9 stezky"},"content":{"rendered":"<p>Podrobn\u011bj\u0161\u00ed informace o cyklostezk\u00e1ch naleznete <a href=\"https:\/\/crikvenica-vinodol.com\/en\/bike-routes\/\" target=\"_blank\">zde<\/a>.<\/p>\n<p>Mapu cyklistick\u00fdch tras a bro\u017euru si m\u016f\u017eete st\u00e1hnout na <a href=\"https:\/\/tz-novi-vinodolski.hr\/wp-content\/uploads\/bike_map_pulse_of_life_eng.pdf\" download>tomto odkazu<\/a>.<\/p>\n","protected":false},"excerpt":{"rendered":"<p>Podrobn\u011bj\u0161\u00ed informace o cyklostezk\u00e1ch naleznete zde. Mapu cyklistick\u00fdch tras a bro\u017euru si m\u016f\u017eete st\u00e1hnout na tomto odkazu.<\/p>\n","protected":false},"author":1,"featured_media":2085,"parent":5863,"menu_order":124,"comment_status":"closed","ping_status":"closed","template":"page-child.php","meta":{"_acf_changed":false,"footnotes":""},"class_list":["post-5878","page","type-page","status-publish","has-post-thumbnail","hentry"],"acf":[],"_links":{"self":[{"href":"https:\/\/tz-novi-vinodolski.hr\/cs\/wp-json\/wp\/v2\/pages\/5878","targetHints":{"allow":["GET"]}}],"collection":[{"href":"https:\/\/tz-novi-vinodolski.hr\/cs\/wp-json\/wp\/v2\/pages"}],"about":[{"href":"https:\/\/tz-novi-vinodolski.hr\/cs\/wp-json\/wp\/v2\/types\/page"}],"author":[{"embeddable":true,"href":"https:\/\/tz-novi-vinodolski.hr\/cs\/wp-json\/wp\/v2\/users\/1"}],"replies":[{"embeddable":true,"href":"https:\/\/tz-novi-vinodolski.hr\/cs\/wp-json\/wp\/v2\/comments?post=5878"}],"version-history":[{"count":3,"href":"https:\/\/tz-novi-vinodolski.hr\/cs\/wp-json\/wp\/v2\/pages\/5878\/revisions"}],"predecessor-version":[{"id":10021,"href":"https:\/\/tz-novi-vinodolski.hr\/cs\/wp-json\/wp\/v2\/pages\/5878\/revisions\/10021"}],"up":[{"embeddable":true,"href":"https:\/\/tz-novi-vinodolski.hr\/cs\/wp-json\/wp\/v2\/pages\/5863"}],"wp:featuredmedia":[{"embeddable":true,"href":"https:\/\/tz-novi-vinodolski.hr\/cs\/wp-json\/wp\/v2\/media\/2085"}],"wp:attachment":[{"href":"https:\/\/tz-novi-vinodolski.hr\/cs\/wp-json\/wp\/v2\/media?parent=5878"}],"curies":[{"name":"wp","href":"https:\/\/api.w.org\/{rel}","templated":true}]}}