{"id":5910,"date":"2025-01-27T13:04:03","date_gmt":"2025-01-27T12:04:03","guid":{"rendered":"https:\/\/tz-novi-vinodolski.hr\/prozkoumejte-a-zazijte\/aktivni-odpocinek\/bribirska-obala-street-workout-zona\/"},"modified":"2025-03-28T18:42:54","modified_gmt":"2025-03-28T17:42:54","slug":"pobrezi-petar-kresimir-iv-street-workout-zona","status":"publish","type":"page","link":"https:\/\/tz-novi-vinodolski.hr\/cs\/prozkoumejte-a-zazijte\/aktivni-odpocinek\/pobrezi-petar-kresimir-iv-street-workout-zona\/","title":{"rendered":"Pob\u0159e\u017e\u00ed Petar Kre\u0161imir IV &#8211; street workout z\u00f3na"},"content":{"rendered":"","protected":false},"excerpt":{"rendered":"","protected":false},"author":1,"featured_media":3653,"parent":5863,"menu_order":134,"comment_status":"closed","ping_status":"closed","template":"page-child.php","meta":{"_acf_changed":false,"footnotes":""},"class_list":["post-5910","page","type-page","status-publish","has-post-thumbnail","hentry"],"acf":[],"_links":{"self":[{"href":"https:\/\/tz-novi-vinodolski.hr\/cs\/wp-json\/wp\/v2\/pages\/5910","targetHints":{"allow":["GET"]}}],"collection":[{"href":"https:\/\/tz-novi-vinodolski.hr\/cs\/wp-json\/wp\/v2\/pages"}],"about":[{"href":"https:\/\/tz-novi-vinodolski.hr\/cs\/wp-json\/wp\/v2\/types\/page"}],"author":[{"embeddable":true,"href":"https:\/\/tz-novi-vinodolski.hr\/cs\/wp-json\/wp\/v2\/users\/1"}],"replies":[{"embeddable":true,"href":"https:\/\/tz-novi-vinodolski.hr\/cs\/wp-json\/wp\/v2\/comments?post=5910"}],"version-history":[{"count":3,"href":"https:\/\/tz-novi-vinodolski.hr\/cs\/wp-json\/wp\/v2\/pages\/5910\/revisions"}],"predecessor-version":[{"id":10058,"href":"https:\/\/tz-novi-vinodolski.hr\/cs\/wp-json\/wp\/v2\/pages\/5910\/revisions\/10058"}],"up":[{"embeddable":true,"href":"https:\/\/tz-novi-vinodolski.hr\/cs\/wp-json\/wp\/v2\/pages\/5863"}],"wp:featuredmedia":[{"embeddable":true,"href":"https:\/\/tz-novi-vinodolski.hr\/cs\/wp-json\/wp\/v2\/media\/3653"}],"wp:attachment":[{"href":"https:\/\/tz-novi-vinodolski.hr\/cs\/wp-json\/wp\/v2\/media?parent=5910"}],"curies":[{"name":"wp","href":"https:\/\/api.w.org\/{rel}","templated":true}]}}