{"id":6057,"date":"2024-05-28T16:27:33","date_gmt":"2024-05-28T14:27:33","guid":{"rendered":"https:\/\/tz-novi-vinodolski.hr\/?page_id=6057"},"modified":"2025-03-25T18:52:29","modified_gmt":"2025-03-25T17:52:29","slug":"zasady-ochrany-osobnich-udaju-a-pouzivani-cookies","status":"publish","type":"page","link":"https:\/\/tz-novi-vinodolski.hr\/cs\/zasady-ochrany-osobnich-udaju-a-pouzivani-cookies\/","title":{"rendered":"Z\u00e1sady ochrany osobn\u00edch \u00fadaj\u016f a pou\u017e\u00edv\u00e1n\u00ed cookies"},"content":{"rendered":"<p>TZ Novi Vinodolski chr\u00e1n\u00ed va\u0161e soukrom\u00ed a vyv\u00edj\u00ed technologie, kter\u00e9 v\u00e1m umo\u017e\u0148uj\u00ed nejlep\u0161\u00ed a bezpe\u010dn\u00fd zp\u016fsob pou\u017e\u00edv\u00e1n\u00ed internetu. Tento dokument se vztahuje na webovou str\u00e1nku www.tz-novi-vinodolski.hr a upravuje zp\u016fsob shroma\u017e\u010fov\u00e1n\u00ed dat a jejich vyu\u017eit\u00ed.<\/p>\n<p>Abychom v\u00e1m pomohli p\u0159i ochran\u011b va\u0161eho soukrom\u00ed, p\u0159e\u010dt\u011bte si pros\u00edm cel\u00fd tento text, abyste pochopili, jak\u00e9 informace od v\u00e1s shroma\u017e\u010fujeme a jak je vyu\u017e\u00edv\u00e1me. V\u0161echny dotazy t\u00fdkaj\u00edc\u00ed se d\u016fv\u011brnosti \u00fadaj\u016f m\u016f\u017eete zaslat na e-mailovou adresu: info@tz-novi-vinodolski.hr<\/p>\n<h5>Shroma\u017e\u010fov\u00e1n\u00ed osobn\u00edch \u00fadaj\u016f<\/h5>\n<p>TZ Novi Vinodolski shroma\u017e\u010fuje osobn\u00ed \u00fadaje, jako je e-mailov\u00e1 adresa, jm\u00e9no, dom\u00e1c\u00ed nebo pracovn\u00ed adresa a telefonn\u00ed \u010d\u00edslo. TZ Novi Vinodolski tak\u00e9 shroma\u017e\u010fuje anonymn\u00ed demografick\u00e9 \u00fadaje, kter\u00e9 nejsou jedine\u010dn\u00e9, nap\u0159\u00edklad v\u011bk, pohlav\u00ed, preference nebo z\u00e1jmy.<\/p>\n<p>TZ Novi Vinodolski tak\u00e9 automaticky shroma\u017e\u010fuje \u00fadaje o pevn\u00e9m disku nebo softwaru va\u0161eho po\u010d\u00edta\u010de. Tyto \u00fadaje mohou zahrnovat: va\u0161i IP adresu, typ prohl\u00ed\u017ee\u010de, n\u00e1zev dom\u00e9ny, \u010das p\u0159\u00edstupu a adresy webov\u00fdch str\u00e1nek. TZ Novi Vinodolski tyto \u00fadaje pou\u017e\u00edv\u00e1, aby mohla nab\u00edzet sv\u00e9 slu\u017eby, udr\u017eovat jejich kvalitu a z\u00edsk\u00e1vat obecn\u00e9 statistick\u00e9 \u00fadaje t\u00fdkaj\u00edc\u00ed se pou\u017e\u00edv\u00e1n\u00ed webov\u00fdch str\u00e1nek.<\/p>\n<h5>Pou\u017e\u00edv\u00e1n\u00ed cookies<\/h5>\n<p>Webov\u00e1 str\u00e1nka TZ Novi Vinodolski pou\u017e\u00edv\u00e1 soubory cookie, aby p\u0159izp\u016fsobila va\u0161e pou\u017e\u00edv\u00e1n\u00ed internetu va\u0161im pot\u0159eb\u00e1m. Cookie je textov\u00fd soubor, kter\u00fd server webov\u00e9 str\u00e1nky ukl\u00e1d\u00e1 na v\u00e1\u0161 pevn\u00fd disk. Soubory cookie nelze pou\u017e\u00edt ke spou\u0161t\u011bn\u00ed program\u016f ani k zav\u00e1d\u011bn\u00ed vir\u016f do va\u0161eho po\u010d\u00edta\u010de. Soubory cookie jsou p\u0159i\u0159azov\u00e1ny jednotliv\u011b a m\u016f\u017ee je \u010d\u00edst pouze server webov\u00e9 str\u00e1nky v dom\u00e9n\u011b, kter\u00e1 dan\u00fd soubor ulo\u017eila.<\/p>\n<h5>\u00da\u010del soubor\u016f cookie<\/h5>\n<p>Kdy\u017e p\u0159istupujete na ur\u010ditou str\u00e1nku, ode\u0161leme v\u00e1m soubory cookie, kter\u00e9 se ulo\u017e\u00ed do va\u0161eho po\u010d\u00edta\u010de a slou\u017e\u00ed k zaznamen\u00e1v\u00e1n\u00ed informac\u00ed o va\u0161ich p\u0159edchoz\u00edch n\u00e1v\u0161t\u011bv\u00e1ch (nap\u0159\u00edklad kolikr\u00e1t jste dan\u00e9 str\u00e1nky nav\u0161t\u00edvili apod.). To znamen\u00e1, \u017ee p\u0159i ka\u017ed\u00e9m dal\u0161\u00edm p\u0159\u00edstupu na webovou str\u00e1nku vyhled\u00e1me v\u00e1\u0161 cookie, abychom p\u0159e\u010detli v n\u011bm ulo\u017een\u00e9 \u00fadaje. Cookie neobsahuje va\u0161e osobn\u00ed \u00fadaje, ale umo\u017e\u0148uje rychlej\u0161\u00ed a efektivn\u011bj\u0161\u00ed aktivaci informac\u00ed, dat a nastaven\u00ed, kter\u00e1 jste ji\u017e d\u0159\u00edve poskytli p\u0159i p\u0159\u00edstupu a pou\u017e\u00edv\u00e1n\u00ed webov\u00e9 str\u00e1nky. K na\u0161im soubor\u016fm cookie ve va\u0161em po\u010d\u00edta\u010di nem\u016f\u017ee p\u0159istupovat \u017e\u00e1dn\u00e1 jin\u00e1 webov\u00e1 str\u00e1nka, kter\u00e1 nen\u00ed sou\u010d\u00e1st\u00ed na\u0161\u00ed webov\u00e9 str\u00e1nky.<\/p>\n<p>TZ Novi Vinodolski sleduje statistickou n\u00e1v\u0161t\u011bvnost sv\u00fdch str\u00e1nek v\u00fdhradn\u011b za \u00fa\u010delem z\u00edsk\u00e1n\u00ed nezbytn\u00fdch informac\u00ed o atraktivit\u011b a \u00fasp\u011b\u0161nosti sv\u00fdch str\u00e1nek a vyu\u017e\u00edv\u00e1 p\u0159itom slu\u017ebu t\u0159et\u00ed strany s n\u00e1zvem Google Analytics. Podrobn\u00e9 informace t\u0159et\u00ed strany o t\u00e9to slu\u017eb\u011b, stejn\u011b jako o mo\u017enostech u\u017eivatel\u016f regulovat nastaven\u00ed soubor\u016f cookie, kter\u00e9 jsou k tomu nezbytn\u00e9, jsou k dispozici na <a href=\"https:\/\/www.google.com\/analytics\/learn\/privacy.html\" target=\"_blank\" rel=\"noopener\">google.com\/analytics\/learn\/privacy<\/a>.<\/p>\n<h5>Blokov\u00e1n\u00ed soubor\u016f cookie<\/h5>\n<p>Pokud s jejich pou\u017e\u00edv\u00e1n\u00edm nesouhlas\u00edte, m\u016f\u017eete soubory cookie ze sv\u00e9ho po\u010d\u00edta\u010de snadno odstranit (nebo je blokovat) tak, \u017ee v nab\u00eddce N\u00e1stroje\/Mo\u017enosti (Tools\/Options) ve va\u0161em prohl\u00ed\u017ee\u010di vyberete tuto mo\u017enost. Dal\u0161\u00ed informace o spr\u00e1v\u011b soubor\u016f cookie jsou k dispozici na str\u00e1nk\u00e1ch va\u0161eho prohl\u00ed\u017ee\u010de nebo na <a href=\"https:\/\/allaboutcookies.org\/\" target=\"_blank\" rel=\"noopener\">allaboutcookies.org<\/a>.<\/p>\n<h5>Pou\u017e\u00edv\u00e1n\u00ed va\u0161ich osobn\u00edch \u00fadaj\u016f<\/h5>\n<p>TZ Novi Vinodolski shroma\u017e\u010fuje va\u0161e osobn\u00ed \u00fadaje a pou\u017e\u00edv\u00e1 je k \u00fadr\u017eb\u011b webov\u00e9 str\u00e1nky a poskytov\u00e1n\u00ed v\u00e1mi po\u017eadovan\u00fdch slu\u017eeb. Va\u0161e osobn\u00ed \u00fadaje se rovn\u011b\u017e pou\u017e\u00edvaj\u00ed k tomu, aby v\u00e1s informovaly o dal\u0161\u00edch produktech \u010di slu\u017eb\u00e1ch, kter\u00e9 TZ Novi Vinodolski nab\u00edz\u00ed.<\/p>\n<p>TZ Novi Vinodolski nebude p\u0159ed\u00e1vat \u00fadaje t\u0159et\u00edm stran\u00e1m. TZ Novi Vinodolski nebude prod\u00e1vat ani pronaj\u00edmat seznamy u\u017eivatel\u016f t\u0159et\u00edm stran\u00e1m, pokud k tomu nebude m\u00edt va\u0161e svolen\u00ed. TZ Novi Vinodolski v\u00e1s m\u016f\u017ee \u010das od \u010dasu kontaktovat jm\u00e9nem extern\u00edch obchodn\u00edch partner\u016f v souvislosti s ur\u010ditou nab\u00eddkou, kter\u00e1 by v\u00e1s mohla zaj\u00edmat. T\u011bmto t\u0159et\u00edm stran\u00e1m v\u0161ak nebude umo\u017en\u011bno pou\u017e\u00edvat va\u0161e osobn\u00ed \u00fadaje jinak ne\u017e za \u00fa\u010delem poskytov\u00e1n\u00ed t\u011bchto slu\u017eeb pro TZ Novi Vinodolski a budou povinny zachov\u00e1vat jejich d\u016fv\u011brnost.<\/p>\n<h5>Bezpe\u010dnost va\u0161ich osobn\u00edch \u00fadaj\u016f<\/h5>\n<p>TZ Novi Vinodolski chr\u00e1n\u00ed va\u0161e osobn\u00ed \u00fadaje p\u0159ed neopr\u00e1vn\u011bn\u00fdm p\u0159\u00edstupem, pou\u017e\u00edv\u00e1n\u00edm nebo zve\u0159ejn\u011bn\u00edm. Kdy\u017e jsou osobn\u00ed \u00fadaje (nap\u0159\u00edklad \u010d\u00edslo kreditn\u00ed karty) p\u0159en\u00e1\u0161eny p\u0159es webov\u00e9 str\u00e1nky, jsou chr\u00e1n\u011bny \u0161ifrov\u00e1n\u00edm, jako je Secure Socket Layer (SSL).<\/p>\n<p>Va\u0161e osobn\u00ed \u00fadaje jsou ulo\u017eeny na serveru, ke kter\u00e9mu maj\u00ed p\u0159\u00edstup pouze vybran\u00e9 osoby a poskytovatel\u00e9 slu\u017eeb.<\/p>\n<p>Dal\u0161\u00ed internetov\u00e9 str\u00e1nky, k nim\u017e lze p\u0159istupovat prost\u0159ednictv\u00edm na\u0161ich internetov\u00fdch str\u00e1nek, maj\u00ed sv\u00e1 vlastn\u00ed prohl\u00e1\u0161en\u00ed o soukrom\u00ed a o shroma\u017e\u010fov\u00e1n\u00ed dat, stejn\u011b jako o zp\u016fsobech jejich pou\u017e\u00edv\u00e1n\u00ed a zve\u0159ej\u0148ov\u00e1n\u00ed. TZ Novi Vinodolski nenese odpov\u011bdnost za zp\u016fsob a podm\u00ednky, za nich\u017e t\u0159et\u00ed strany shroma\u017e\u010fuj\u00ed a zpracov\u00e1vaj\u00ed data.<\/p>\n","protected":false},"excerpt":{"rendered":"<p>TZ Novi Vinodolski chr\u00e1n\u00ed va\u0161e soukrom\u00ed a vyv\u00edj\u00ed technologie, kter\u00e9 v\u00e1m umo\u017e\u0148uj\u00ed nejlep\u0161\u00ed a bezpe\u010dn\u00fd zp\u016fsob pou\u017e\u00edv\u00e1n\u00ed internetu. Tento dokument se vztahuje na webovou str\u00e1nku www.tz-novi-vinodolski.hr&#8230;<\/p>\n","protected":false},"author":1,"featured_media":0,"parent":0,"menu_order":228,"comment_status":"closed","ping_status":"closed","template":"page-legal.php","meta":{"_acf_changed":false,"footnotes":""},"class_list":["post-6057","page","type-page","status-publish","hentry"],"acf":[],"_links":{"self":[{"href":"https:\/\/tz-novi-vinodolski.hr\/cs\/wp-json\/wp\/v2\/pages\/6057","targetHints":{"allow":["GET"]}}],"collection":[{"href":"https:\/\/tz-novi-vinodolski.hr\/cs\/wp-json\/wp\/v2\/pages"}],"about":[{"href":"https:\/\/tz-novi-vinodolski.hr\/cs\/wp-json\/wp\/v2\/types\/page"}],"author":[{"embeddable":true,"href":"https:\/\/tz-novi-vinodolski.hr\/cs\/wp-json\/wp\/v2\/users\/1"}],"replies":[{"embeddable":true,"href":"https:\/\/tz-novi-vinodolski.hr\/cs\/wp-json\/wp\/v2\/comments?post=6057"}],"version-history":[{"count":2,"href":"https:\/\/tz-novi-vinodolski.hr\/cs\/wp-json\/wp\/v2\/pages\/6057\/revisions"}],"predecessor-version":[{"id":8384,"href":"https:\/\/tz-novi-vinodolski.hr\/cs\/wp-json\/wp\/v2\/pages\/6057\/revisions\/8384"}],"wp:attachment":[{"href":"https:\/\/tz-novi-vinodolski.hr\/cs\/wp-json\/wp\/v2\/media?parent=6057"}],"curies":[{"name":"wp","href":"https:\/\/api.w.org\/{rel}","templated":true}]}}