{"id":6096,"date":"2024-11-28T14:10:00","date_gmt":"2024-11-28T13:10:00","guid":{"rendered":"https:\/\/tz-novi-vinodolski.hr\/prozkoumejte-a-zazijte\/prirodne-atrakcije\/"},"modified":"2025-03-21T11:08:56","modified_gmt":"2025-03-21T10:08:56","slug":"prirodni-atrakce","status":"publish","type":"page","link":"https:\/\/tz-novi-vinodolski.hr\/cs\/prozkoumejte-a-zazijte\/prirodni-atrakce\/","title":{"rendered":"P\u0159\u00edrodn\u00ed atrakce"},"content":{"rendered":"","protected":false},"excerpt":{"rendered":"","protected":false},"author":1,"featured_media":2905,"parent":5434,"menu_order":176,"comment_status":"closed","ping_status":"closed","template":"page-parent.php","meta":{"_acf_changed":false,"footnotes":""},"class_list":["post-6096","page","type-page","status-publish","has-post-thumbnail","hentry"],"acf":[],"_links":{"self":[{"href":"https:\/\/tz-novi-vinodolski.hr\/cs\/wp-json\/wp\/v2\/pages\/6096","targetHints":{"allow":["GET"]}}],"collection":[{"href":"https:\/\/tz-novi-vinodolski.hr\/cs\/wp-json\/wp\/v2\/pages"}],"about":[{"href":"https:\/\/tz-novi-vinodolski.hr\/cs\/wp-json\/wp\/v2\/types\/page"}],"author":[{"embeddable":true,"href":"https:\/\/tz-novi-vinodolski.hr\/cs\/wp-json\/wp\/v2\/users\/1"}],"replies":[{"embeddable":true,"href":"https:\/\/tz-novi-vinodolski.hr\/cs\/wp-json\/wp\/v2\/comments?post=6096"}],"version-history":[{"count":1,"href":"https:\/\/tz-novi-vinodolski.hr\/cs\/wp-json\/wp\/v2\/pages\/6096\/revisions"}],"predecessor-version":[{"id":6104,"href":"https:\/\/tz-novi-vinodolski.hr\/cs\/wp-json\/wp\/v2\/pages\/6096\/revisions\/6104"}],"up":[{"embeddable":true,"href":"https:\/\/tz-novi-vinodolski.hr\/cs\/wp-json\/wp\/v2\/pages\/5434"}],"wp:featuredmedia":[{"embeddable":true,"href":"https:\/\/tz-novi-vinodolski.hr\/cs\/wp-json\/wp\/v2\/media\/2905"}],"wp:attachment":[{"href":"https:\/\/tz-novi-vinodolski.hr\/cs\/wp-json\/wp\/v2\/media?parent=6096"}],"curies":[{"name":"wp","href":"https:\/\/api.w.org\/{rel}","templated":true}]}}