{"id":6109,"date":"2024-05-28T16:48:55","date_gmt":"2024-05-28T14:48:55","guid":{"rendered":"https:\/\/tz-novi-vinodolski.hr\/prozkoumejte-a-zazijte\/prirodni-atrakce\/vidikovci-oci-vinodola\/"},"modified":"2025-03-28T17:56:30","modified_gmt":"2025-03-28T16:56:30","slug":"vyhlidky-oci-vinodolu","status":"publish","type":"page","link":"https:\/\/tz-novi-vinodolski.hr\/cs\/prozkoumejte-a-zazijte\/prirodni-atrakce\/vyhlidky-oci-vinodolu\/","title":{"rendered":"Vyhl\u00eddky \u2013 O\u010di Vinodolu"},"content":{"rendered":"<p><a href=\"https:\/\/tz-novi-vinodolski.hr\/wp-content\/uploads\/karta-vidikovaca.pdf\" download>St\u00e1hnout mapu vyhl\u00eddek<\/a><\/p>\n<p><strong>SEZNAM \u00da\u010cASTN\u00cdK\u016e PROJEKTU<\/strong>:<\/p>\n<p>PRIMORSKO-GORSK\u00c1 \u017dUPA (Spr\u00e1va pro cestovn\u00ed ruch, podnik\u00e1n\u00ed a zem\u011bd\u011blstv\u00ed)<br \/>\nTURISTICK\u00c9 SDRU\u017dEN\u00cd PRIMORSKO-GORSK\u00c9 \u017dUPY<br \/>\nCHORVATSK\u00c9 TURISTICK\u00c9 SDRU\u017dEN\u00cd<br \/>\nMINISTERSTVO ZEM\u011aD\u011aLSTV\u00cd, RYB\u00c1\u0158STV\u00cd A ROZVOJE VENKOVA<br \/>\nCHORVATSK\u00c9 LESY<br \/>\nM\u011aSTO NOVI VINODOLSKI<br \/>\nOBEC VINODOLSK\u00c1 OP\u0106INA<br \/>\nTURISTICK\u00c9 SDRU\u017dEN\u00cd VINODOLSK\u00c9 OP\u0106INY<br \/>\nTURISTICK\u00c9 SDRU\u017dEN\u00cd M\u011aSTA NOVI VINODOLSKI<\/p>\n","protected":false},"excerpt":{"rendered":"<p>St\u00e1hnout mapu vyhl\u00eddek SEZNAM \u00da\u010cASTN\u00cdK\u016e PROJEKTU: PRIMORSKO-GORSK\u00c1 \u017dUPA (Spr\u00e1va pro cestovn\u00ed ruch, podnik\u00e1n\u00ed a zem\u011bd\u011blstv\u00ed) TURISTICK\u00c9 SDRU\u017dEN\u00cd PRIMORSKO-GORSK\u00c9 \u017dUPY CHORVATSK\u00c9 TURISTICK\u00c9 SDRU\u017dEN\u00cd MINISTERSTVO ZEM\u011aD\u011aLSTV\u00cd, RYB\u00c1\u0158STV\u00cd A&#8230;<\/p>\n","protected":false},"author":1,"featured_media":3241,"parent":6096,"menu_order":181,"comment_status":"closed","ping_status":"closed","template":"page-child.php","meta":{"_acf_changed":false,"footnotes":""},"class_list":["post-6109","page","type-page","status-publish","has-post-thumbnail","hentry","kategorije_stranica-stoji-za-videni"],"acf":[],"_links":{"self":[{"href":"https:\/\/tz-novi-vinodolski.hr\/cs\/wp-json\/wp\/v2\/pages\/6109","targetHints":{"allow":["GET"]}}],"collection":[{"href":"https:\/\/tz-novi-vinodolski.hr\/cs\/wp-json\/wp\/v2\/pages"}],"about":[{"href":"https:\/\/tz-novi-vinodolski.hr\/cs\/wp-json\/wp\/v2\/types\/page"}],"author":[{"embeddable":true,"href":"https:\/\/tz-novi-vinodolski.hr\/cs\/wp-json\/wp\/v2\/users\/1"}],"replies":[{"embeddable":true,"href":"https:\/\/tz-novi-vinodolski.hr\/cs\/wp-json\/wp\/v2\/comments?post=6109"}],"version-history":[{"count":3,"href":"https:\/\/tz-novi-vinodolski.hr\/cs\/wp-json\/wp\/v2\/pages\/6109\/revisions"}],"predecessor-version":[{"id":10004,"href":"https:\/\/tz-novi-vinodolski.hr\/cs\/wp-json\/wp\/v2\/pages\/6109\/revisions\/10004"}],"up":[{"embeddable":true,"href":"https:\/\/tz-novi-vinodolski.hr\/cs\/wp-json\/wp\/v2\/pages\/6096"}],"wp:featuredmedia":[{"embeddable":true,"href":"https:\/\/tz-novi-vinodolski.hr\/cs\/wp-json\/wp\/v2\/media\/3241"}],"wp:attachment":[{"href":"https:\/\/tz-novi-vinodolski.hr\/cs\/wp-json\/wp\/v2\/media?parent=6109"}],"curies":[{"name":"wp","href":"https:\/\/api.w.org\/{rel}","templated":true}]}}