{"id":5882,"date":"2024-05-28T16:49:17","date_gmt":"2024-05-28T14:49:17","guid":{"rendered":"https:\/\/tz-novi-vinodolski.hr\/entdecken-und-erleben\/aktiver-urlaub\/biciklisticke-staze\/"},"modified":"2025-03-28T18:15:59","modified_gmt":"2025-03-28T17:15:59","slug":"biciklisticke-staze","status":"publish","type":"page","link":"https:\/\/tz-novi-vinodolski.hr\/de\/entdecken-und-erleben\/aktiver-urlaub\/biciklisticke-staze\/","title":{"rendered":"Radwege"},"content":{"rendered":"<p>N\u00e4here Informationen zu den Radwegen finden Sie <a href=\"https:\/\/crikvenica-vinodol.com\/de\/radwege\/\" target=\"_blank\">hier<\/a>.<\/p>\n<p>Unter <a href=\"https:\/\/tz-novi-vinodolski.hr\/wp-content\/uploads\/radweg_pulse_of_life_de.pdf\" download>diesem Link<\/a> k\u00f6nnen Sie eine Radwegekarte und eine Brosch\u00fcre herunterladen.<\/p>\n","protected":false},"excerpt":{"rendered":"<p>N\u00e4here Informationen zu den Radwegen finden Sie hier. Unter diesem Link k\u00f6nnen Sie eine Radwegekarte und eine Brosch\u00fcre herunterladen.<\/p>\n","protected":false},"author":1,"featured_media":2087,"parent":5867,"menu_order":122,"comment_status":"closed","ping_status":"closed","template":"page-child.php","meta":{"_acf_changed":false,"footnotes":""},"class_list":["post-5882","page","type-page","status-publish","has-post-thumbnail","hentry"],"acf":[],"_links":{"self":[{"href":"https:\/\/tz-novi-vinodolski.hr\/de\/wp-json\/wp\/v2\/pages\/5882","targetHints":{"allow":["GET"]}}],"collection":[{"href":"https:\/\/tz-novi-vinodolski.hr\/de\/wp-json\/wp\/v2\/pages"}],"about":[{"href":"https:\/\/tz-novi-vinodolski.hr\/de\/wp-json\/wp\/v2\/types\/page"}],"author":[{"embeddable":true,"href":"https:\/\/tz-novi-vinodolski.hr\/de\/wp-json\/wp\/v2\/users\/1"}],"replies":[{"embeddable":true,"href":"https:\/\/tz-novi-vinodolski.hr\/de\/wp-json\/wp\/v2\/comments?post=5882"}],"version-history":[{"count":3,"href":"https:\/\/tz-novi-vinodolski.hr\/de\/wp-json\/wp\/v2\/pages\/5882\/revisions"}],"predecessor-version":[{"id":5887,"href":"https:\/\/tz-novi-vinodolski.hr\/de\/wp-json\/wp\/v2\/pages\/5882\/revisions\/5887"}],"up":[{"embeddable":true,"href":"https:\/\/tz-novi-vinodolski.hr\/de\/wp-json\/wp\/v2\/pages\/5867"}],"wp:featuredmedia":[{"embeddable":true,"href":"https:\/\/tz-novi-vinodolski.hr\/de\/wp-json\/wp\/v2\/media\/2087"}],"wp:attachment":[{"href":"https:\/\/tz-novi-vinodolski.hr\/de\/wp-json\/wp\/v2\/media?parent=5882"}],"curies":[{"name":"wp","href":"https:\/\/api.w.org\/{rel}","templated":true}]}}