{"id":6061,"date":"2024-05-28T16:27:33","date_gmt":"2024-05-28T14:27:33","guid":{"rendered":"https:\/\/tz-novi-vinodolski.hr\/?page_id=6061"},"modified":"2025-03-25T18:53:06","modified_gmt":"2025-03-25T17:53:06","slug":"datenschutzbestimmungen-und-cookie-nutzung","status":"publish","type":"page","link":"https:\/\/tz-novi-vinodolski.hr\/de\/datenschutzbestimmungen-und-cookie-nutzung\/","title":{"rendered":"Datenschutzbestimmungen und Cookie-Nutzung"},"content":{"rendered":"<p>TZ Novi Vinodolski sch\u00fctzt Ihre Privatsph\u00e4re und entwickelt Technologien, die Ihnen eine bestm\u00f6gliche und sichere Nutzung des Internets erm\u00f6glichen. Dieses Dokument bezieht sich auf die Website www.tz-novi-vinodolski.hr und regelt die Art und Weise der Datenerfassung und -verwendung.<\/p>\n<p>Um uns bei der Wahrung Ihrer Privatsph\u00e4re zu unterst\u00fctzen, lesen Sie bitte diesen Text vollst\u00e4ndig, damit Sie verstehen, welche Informationen wir von Ihnen erheben und wie wir sie nutzen. Alle Fragen hinsichtlich der Vertraulichkeit von Daten k\u00f6nnen an die E-Mail-Adresse info@tz-novi-vinodolski.hr gesendet werden.<\/p>\n<h5>Erfassung personenbezogener Daten<\/h5>\n<p>TZ Novi Vinodolski erfasst personenbezogene Daten wie E-Mail-Adresse, Name, Privat- oder Gesch\u00e4ftsadresse und Telefonnummer. TZ Novi Vinodolski erfasst ebenfalls anonyme demografische Daten, die nicht eindeutig sind, wie Alter, Geschlecht, Vorlieben oder Interessen.<\/p>\n<p>TZ Novi Vinodolski erfasst au\u00dferdem automatisch Daten \u00fcber die Festplatte oder die Software Ihres Computers. Diese Daten k\u00f6nnen Ihre IP-Adresse, den Browsertyp, den Domainnamen, die Zugriffszeiten und die Adressen von Websites umfassen. TZ Novi Vinodolski verwendet diese Informationen, um seine Dienstleistungen bereitzustellen, deren Qualit\u00e4t aufrechtzuerhalten und allgemeine statistische Informationen \u00fcber die Nutzung der Website zu erhalten.<\/p>\n<h5>Verwendung von Cookies<\/h5>\n<p>Die Website von TZ Novi Vinodolski verwendet Cookies, um Ihre Internetnutzung an Ihre Bed\u00fcrfnisse anzupassen. Ein Cookie ist eine Textdatei, die vom Webserver auf Ihrer Festplatte gespeichert wird. Cookies k\u00f6nnen nicht dazu verwendet werden, Programme auszuf\u00fchren oder Viren auf Ihren Computer zu \u00fcbertragen. Cookies werden Ihnen pers\u00f6nlich zugewiesen und k\u00f6nnen nur von einem Webserver in der Dom\u00e4ne gelesen werden, die das Cookie erstellt hat.<\/p>\n<h5>Zweck der Cookies<\/h5>\n<p>Wenn Sie auf eine bestimmte Seite zugreifen, senden wir Ihnen Cookies, die auf Ihrem Computer gespeichert werden und Informationen \u00fcber Ihre vorherigen Besuche aufzeichnen (z. B. wie oft Sie die Seiten besucht haben usw.). Das bedeutet, dass wir bei jedem weiteren Zugriff auf die Website nach Ihrem Cookie suchen, um die darin gespeicherten Daten zu lesen. Das Cookie enth\u00e4lt keine pers\u00f6nlichen Daten, erm\u00f6glicht jedoch eine schnellere und effizientere Aktivierung von Informationen, Daten und Einstellungen, die Sie bereits zuvor beim Zugriff und bei der Nutzung der Website \u00fcbermittelt haben. Auf unsere Cookies auf Ihrem Computer kann keine andere Website zugreifen, die nicht Teil unserer Website ist.<\/p>\n<p>TZ Novi Vinodolski \u00fcberwacht die statistische Nutzung seiner Seiten ausschlie\u00dflich, um die notwendigen Informationen \u00fcber die Attraktivit\u00e4t und den Erfolg seiner Seiten zu erhalten. Dabei wird ein Drittanbieterdienst namens Google Analytics verwendet. Ausf\u00fchrliche Informationen des Drittanbieters zu diesem Dienst sowie Informationen \u00fcber die M\u00f6glichkeiten der Nutzer, die f\u00fcr diesen Zweck erforderlichen Cookie-Einstellungen zu regulieren, finden Sie unter <a href=\"https:\/\/www.google.com\/analytics\/learn\/privacy.html\" target=\"_blank\" rel=\"noopener\">google.com\/analytics\/learn\/privacy<\/a>.<\/p>\n<h5>Deaktivierung von Cookies<\/h5>\n<p>Wenn Sie mit der Verwendung von Cookies nicht einverstanden sind, k\u00f6nnen Sie die Cookies auf Ihrem Computer ganz einfach l\u00f6schen (oder blockieren), indem Sie diese Option im Men\u00fc Extras\/Optionen (Tools\/Options) Ihres Browsers ausw\u00e4hlen. Weitere Informationen zur Verwaltung von Cookies finden Sie auf den Seiten Ihres Browsers oder auf <a href=\"https:\/\/allaboutcookies.org\/\" target=\"_blank\" rel=\"noopener\">allaboutcookies.org<\/a>.<\/p>\n<h5>Verwendung Ihrer personenbezogenen Daten<\/h5>\n<p>TZ Novi Vinodolski erfasst Ihre personenbezogenen Daten und verwendet sie, um die Website zu betreiben und Ihnen die gew\u00fcnschten Dienstleistungen bereitzustellen. Ihre personenbezogenen Daten werden auch verwendet, um Sie \u00fcber andere Produkte oder Dienstleistungen zu informieren, die von TZ Novi Vinodolski angeboten werden.<\/p>\n<p>TZ Novi Vinodolski wird Ihre Daten nicht an Dritte weitergeben. TZ Novi Vinodolski wird weder Benutzerlisten an Dritte verkaufen noch vermieten, sofern nicht Ihre Zustimmung vorliegt. TZ Novi Vinodolski kann Sie gelegentlich im Namen externer Gesch\u00e4ftspartner bez\u00fcglich eines bestimmten Angebots kontaktieren, das f\u00fcr Sie interessant sein k\u00f6nnte. Solchen Dritten ist es jedoch untersagt, Ihre personenbezogenen Daten f\u00fcr andere Zwecke als zur Erbringung dieser Dienstleistungen f\u00fcr TZ Novi Vinodolski zu verwenden, und sie sind verpflichtet, die Vertraulichkeit der Daten zu wahren.<\/p>\n<h5>Sicherheit Ihrer personenbezogenen Daten<\/h5>\n<p>TZ Novi Vinodolski sch\u00fctzt Ihre personenbezogenen Daten vor unbefugtem Zugriff, unbefugter Nutzung oder Offenlegung. Wenn personenbezogene Informationen (z. B. Kreditkartennummer) \u00fcber die Website \u00fcbertragen werden, werden sie durch Verschl\u00fcsselung wie Secure Socket Layer (SSL) gesch\u00fctzt.<\/p>\n<p>Ihre personenbezogenen Daten werden auf einem Server gespeichert, auf den nur ausgew\u00e4hlte Personen und Dienstleister zugreifen k\u00f6nnen.<\/p>\n<p>Andere Websites, auf die \u00fcber unsere Website zugegriffen werden kann, haben eigene Datenschutzerkl\u00e4rungen und Informationen zur Datenerfassung sowie zu deren Verwendung und Offenlegung. TZ Novi Vinodolski ist nicht verantwortlich f\u00fcr die Art und Bedingungen der Datenerfassung und -verarbeitung durch Dritte.<\/p>\n","protected":false},"excerpt":{"rendered":"<p>TZ Novi Vinodolski sch\u00fctzt Ihre Privatsph\u00e4re und entwickelt Technologien, die Ihnen eine bestm\u00f6gliche und sichere Nutzung des Internets erm\u00f6glichen. Dieses Dokument bezieht sich auf die Website&#8230;<\/p>\n","protected":false},"author":1,"featured_media":0,"parent":0,"menu_order":230,"comment_status":"closed","ping_status":"closed","template":"page-legal.php","meta":{"_acf_changed":false,"footnotes":""},"class_list":["post-6061","page","type-page","status-publish","hentry"],"acf":[],"_links":{"self":[{"href":"https:\/\/tz-novi-vinodolski.hr\/de\/wp-json\/wp\/v2\/pages\/6061","targetHints":{"allow":["GET"]}}],"collection":[{"href":"https:\/\/tz-novi-vinodolski.hr\/de\/wp-json\/wp\/v2\/pages"}],"about":[{"href":"https:\/\/tz-novi-vinodolski.hr\/de\/wp-json\/wp\/v2\/types\/page"}],"author":[{"embeddable":true,"href":"https:\/\/tz-novi-vinodolski.hr\/de\/wp-json\/wp\/v2\/users\/1"}],"replies":[{"embeddable":true,"href":"https:\/\/tz-novi-vinodolski.hr\/de\/wp-json\/wp\/v2\/comments?post=6061"}],"version-history":[{"count":2,"href":"https:\/\/tz-novi-vinodolski.hr\/de\/wp-json\/wp\/v2\/pages\/6061\/revisions"}],"predecessor-version":[{"id":8386,"href":"https:\/\/tz-novi-vinodolski.hr\/de\/wp-json\/wp\/v2\/pages\/6061\/revisions\/8386"}],"wp:attachment":[{"href":"https:\/\/tz-novi-vinodolski.hr\/de\/wp-json\/wp\/v2\/media?parent=6061"}],"curies":[{"name":"wp","href":"https:\/\/api.w.org\/{rel}","templated":true}]}}