{"id":6165,"date":"2024-11-11T12:02:01","date_gmt":"2024-11-11T11:02:01","guid":{"rendered":"https:\/\/tz-novi-vinodolski.hr\/informationen\/pristup-informacijama\/"},"modified":"2026-01-17T10:15:42","modified_gmt":"2026-01-17T09:15:42","slug":"zugang-zu-informationen","status":"publish","type":"page","link":"https:\/\/tz-novi-vinodolski.hr\/de\/informationen\/zugang-zu-informationen\/","title":{"rendered":"Zugang zu Informationen"},"content":{"rendered":"<h5>Recht auf Zugang zu Informationen und Wiederverwendung von Informationen<\/h5>\n<p>Auf Grundlage von Artikel 3 des Gesetzes \u00fcber das Recht auf Zugang zu Informationen (\u00bbNarodne novine\u00ab, Nr. 25\/13, 85\/15) ist das Recht nat\u00fcrlicher und juristischer Personen auf Zugang zu Informationen durch die Offenheit und \u00d6ffentlichkeit der T\u00e4tigkeit \u00f6ffentlicher Stellen geregelt.<\/p>\n<p>Das Recht auf Zugang zu Informationen und die Wiederverwendung von Informationen umfasst das Recht der Nutzerinnen und Nutzer, Informationen zu verlangen und zu erhalten, sowie die Verpflichtung der \u00f6ffentlichen Stelle, den Zugang zu der angeforderten Information zu erm\u00f6glichen bzw. Informationen unabh\u00e4ngig von einem gestellten Antrag zu ver\u00f6ffentlichen, wenn eine solche Ver\u00f6ffentlichung aus einer durch Gesetz oder eine andere Vorschrift festgelegten Verpflichtung resultiert.<\/p>\n<p>Das Recht auf Zugang zu Informationen und die Wiederverwendung von Informationen ist geregelt und wird in \u00dcbereinstimmung mit dem Gesetz \u00fcber das Recht auf Zugang zu Informationen (\u00bbNarodne novine\u00ab, Nr. 25\/13, 85\/15) ausge\u00fcbt. In diesem Gesetz werden die Grunds\u00e4tze f\u00fcr das Recht auf Zugang zu Informationen und deren Wiederverwendung, die Einschr\u00e4nkungen dieses Rechts sowie das Verfahren zu seiner Aus\u00fcbung und zum Schutz des Rechts auf Zugang zu Informationen und die Wiederverwendung von Informationen festgelegt.<\/p>\n<h5>Informationsbeauftragte\/r<\/h5>\n<p>Der Tourismusverband der Stadt Novi Vinodolski informiert die \u00d6ffentlichkeit \u00fcber seine offizielle Website mithilfe von Dokumenten und Informationen, \u00fcber die er verf\u00fcgt und die \u00f6ffentlich in elektronischer Form zug\u00e4nglich sind; auf diese Dokumente kann ohne Einreichung eines besonderen Antrags zugegriffen werden. Der Zugang zu allen anderen Informationen und Dokumenten erfolgt durch Einreichen eines m\u00fcndlichen oder schriftlichen Antrags.<\/p>\n<p>Das Recht auf Zugang zu Informationen und die Wiederverwendung von Informationen wird durch Einreichen eines Antrags bei der\/dem Informationsbeauftragten des Tourismusverbands der Stadt Novi Vinodolski auf eine der folgenden Arten ausge\u00fcbt:<\/p>\n<ul>\n<li>telefonisch unter: +385 (0) 51 791 171<\/li>\n<li>per Fax unter: +385 (0) 51 244 306<\/li>\n<li>per E-Mail an die\/den Informationsbeauftragte\/n: <a href=\"mailto:info@tz-novi-vinodolski.hr\">info@tz-novi-vinodolski.hr<\/a>, mittels des Formulars Antrag auf Zugang zu Informationen \/ Antrag auf Erg\u00e4nzung oder Berichtigung von Informationen \/ Antrag auf Wiederverwendung von Informationen;<\/li>\n<li>per Post an die Adresse: Turisti\u010dka zajednica Grada Novi Vinodolski, Kralja Tomislava 6, 51250 Novi Vinodolski, Kroatien, mittels des Formulars Antrag auf Zugang zu Informationen \/ Antrag auf Erg\u00e4nzung oder Berichtigung von Informationen \/ Antrag auf Wiederverwendung von Informationen;<\/li>\n<li>pers\u00f6nlich unter der Adresse: Turisti\u010dka zajednica Grada Novi Vinodolski, Kralja Tomislava 6, 51250 Novi Vinodolski, Montag bis Freitag von 07:00 bis 15:00 Uhr<\/li>\n<\/ul>\n<p>Bedingungen f\u00fcr die Wiederverwendung von Informationen:<\/p>\n<ul>\n<li>Die \u00f6ffentliche Stelle stellt der Nutzerin\/dem Nutzer die Daten f\u00fcr die Wiederverwendung ohne Einschr\u00e4nkungen, zur freien Nutzung und in einem offenen Format zur Verf\u00fcgung.<\/li>\n<li>In begr\u00fcndeten F\u00e4llen kann die \u00f6ffentliche Stelle Bedingungen f\u00fcr die Wiederverwendung festlegen. Falls solche Bedingungen festgelegt werden, d\u00fcrfen deren Inhalt und Anwendung die M\u00f6glichkeit der Wiederverwendung nicht ungerechtfertigt einschr\u00e4nken und nicht zur Beschr\u00e4nkung des Wettbewerbs verwendet werden.<\/li>\n<li>Die Bedingungen f\u00fcr die Wiederverwendung von Informationen d\u00fcrfen nicht diskriminierend sein gegen\u00fcber gleichen oder \u00e4hnlichen Arten von Informationen, weder f\u00fcr kommerzielle noch f\u00fcr nichtkommerzielle Nutzung.<\/li>\n<li>F\u00fcr eine \u00f6ffentliche Stelle, die ihre eigenen Informationen als Grundlage f\u00fcr kommerzielle T\u00e4tigkeiten nutzt, die nicht in ihren \u00f6ffentlichen Aufgabenbereich fallen, gelten dieselben Bedingungen wie f\u00fcr andere Nutzerinnen und Nutzer.<\/li>\n<li>Die Arten und der Inhalt der Genehmigungen, die die Wiederverwendung festlegen und den standardisierten offenen Lizenzen entsprechen, werden durch eine Verordnung des f\u00fcr Verwaltungsangelegenheiten zust\u00e4ndigen Ministers geregelt.<\/li>\n<li>Die \u00f6ffentliche Stelle ist verpflichtet, auf ihrer Internetseite die Genehmigungen zu ver\u00f6ffentlichen, in denen die Bedingungen f\u00fcr die Wiederverwendung festgelegt sind, oder Links zu solchen Genehmigungen gem\u00e4\u00df den standardisierten offenen Lizenzen bereitzustellen.<\/li>\n<\/ul>\n<p><a href=\"\/wp-content\/uploads\/Obrazac_2_Zahtjev_za_pristup_informacijama.pdf\" download=\"\">Antrag auf Zugang zu Informationen (Formular 2)<\/a><br \/>\n<a href=\"\/wp-content\/uploads\/Obrazac_3_Zahtjev_za_dopunu_ili_ispravak_informacije.pdf\" download=\"\">Antrag auf Erg\u00e4nzung oder Berichtigung von Informationen (Formular 3)<\/a><br \/>\n<a href=\"\/wp-content\/uploads\/Obrazac_4_Zahtjev_za_ponovnu_uporabu_informacija.pdf\" download=\"\">Antrag auf Wiederverwendung von Informationen (Formular 4)<\/a><\/p>\n<p><strong>Informations- und Datenschutzbeauftragte\/r<\/strong>: Ljiljana Sto\u0161i\u0107<br \/>\nTuristi\u010dka zajednica Grada Novi Vinodolski, Kralja Tomislava 6, 51250 Novi Vinodolski<br \/>\nTel.: +385 (0) 51 791 171<br \/>\nFax: +385 (0) 51 244 306<br \/>\nE-Mail der\/des Informationsbeauftragten: <a href=\"mailto:info@tz-novi-vinodolski.hr\">info@tz-novi-vinodolski.hr<\/a><\/p>\n<p>Die Sprechzeiten f\u00fcr den Publikumsverkehr sind von Montag bis Freitag von 07:00 bis 15:00 Uhr.<\/p>\n<h5>Geb\u00fchr f\u00fcr den Zugang zu Informationen<\/h5>\n<p>Der Tourismusverband der Stadt Novi Vinodolski ist berechtigt, die tats\u00e4chlich entstandenen Materialkosten in Rechnung zu stellen, die durch die Bereitstellung von Informationen f\u00fcr die Nutzerinnen und Nutzer des Rechts auf Zugang zu Informationen und Wiederverwendung von Informationen entstehen, ebenso wie die Kosten f\u00fcr die Zustellung der angeforderten Informationen. Diese werden gem\u00e4\u00df dem Kriterij za odre\u0111ivanje visine naknade stvarnih materijalnih tro\u0161kova i tro\u0161kova dostave informacije (im Folgenden: \u201eKriterij\u201c), auf Grundlage von Artikel 19 Abs. 2 des Gesetzes \u00fcber das Recht auf Zugang zu Informationen (\u00bbNarodne novine\u00ab, Nr. 25\/13, 85\/15), erhoben.<\/p>\n<p>Die H\u00f6he der tats\u00e4chlichen Materialkosten wird wie folgt festgelegt:<\/p>\n<ol>\n<li>Kopie einer A4-Seite \u2013 0,03 Euro<\/li>\n<li>Kopie einer A3-Seite \u2013 0,07 Euro<\/li>\n<li>Farbkopie einer A4-Seite \u2013 0,13 Euro<\/li>\n<li>Farbkopie einer A3-Seite \u2013 0,21 Euro<\/li>\n<li>elektronische Aufzeichnung auf einer CD \u2013 0,53 Euro<\/li>\n<li>elektronische Aufzeichnung auf einer DVD \u2013 0,80 Euro<\/li>\n<li>elektronische Aufzeichnung auf einer Speicherkarte, abh\u00e4ngig von der Speicherkapazit\u00e4t: 27,87 Euro f\u00fcr 64 GB 19,91 Euro f\u00fcr 32 GB 15,93 Euro f\u00fcr 16 GB 6,64 Euro f\u00fcr 8 GB 3,98 Euro f\u00fcr 4 GB<\/li>\n<li>Umwandlung einer Dokumentenseite aus physischer in elektronische Form \u2013 0,11 Euro<\/li>\n<li>Umwandlung einer Aufnahme von Videob\u00e4ndern, Audiokassetten oder Disketten in eine elektronische Aufzeichnung \u2013 0,13 Euro<\/li>\n<\/ol>\n<p>Die Zustellungskosten f\u00fcr Informationen werden nach dem g\u00fcltigen Preisverzeichnis der regul\u00e4ren Postdienste berechnet.<\/p>\n<p><strong>HINWEIS<\/strong>: F\u00fcr Dienstleistungen, die im Kriterij nicht aufgef\u00fchrt sind, bestimmt die \u00f6ffentliche Stelle die H\u00f6he der Geb\u00fchr, indem sie den durchschnittlichen Marktpreis f\u00fcr die Dienstleistung, die Abschreibungskosten, die ihr entstehen, sowie die Kosten f\u00fcr Postdienste hinzurechnet. Die Zustellungskosten f\u00fcr Informationen werden gem\u00e4\u00df dem g\u00fcltigen Preisverzeichnis der Postdienste berechnet. Die Nutzerin\/der Nutzer des Rechts auf Information muss den voraussichtlichen Betrag der tats\u00e4chlichen Materialkosten im Voraus vollst\u00e4ndig entrichten. Wird dieser Betrag nicht fristgerecht bezahlt, gilt dies als R\u00fccknahme des Antrags. Der Tourismusverband der Stadt Novi Vinodolski stellt der Nutzerin\/dem Nutzer des Rechts auf Information eine Rechnung in H\u00f6he der Geb\u00fchr aus, die im Kriterij festgelegt ist.<\/p>\n<h5>Geb\u00fchr f\u00fcr die Wiederverwendung von Informationen<\/h5>\n<p>Der Tourismusverband der Stadt Novi Vinodolski erhebt keine Geb\u00fchr f\u00fcr die Wiederverwendung von Informationen, wenn Informationen auf den offiziellen Websites \u00f6ffentlicher Stellen oder offiziellen Portalen ver\u00f6ffentlicht werden oder wenn Informationen zwischen \u00f6ffentlichen Stellen zum Zweck der Erf\u00fcllung ihrer Aufgaben ausgetauscht werden.<\/p>\n<p>Nach Artikel 2 der Verordnung \u00fcber die Kosten f\u00fcr die Wiederverwendung von Informationen (\u00bbNarodne novine\u00ab, Nr. 87\/18) kann der Tourismusverband der Stadt Novi Vinodolski der Nutzerin\/dem Nutzer die aufgrund ihres\/seines Antrags entstandenen Kosten in Rechnung stellen, wenn eine der folgenden Bedingungen erf\u00fcllt ist:<\/p>\n<ol>\n<li>Die \u00f6ffentliche Stelle, die Daten f\u00fcr die Wiederverwendung bereitstellt, wird \u00fcberwiegend aus eigenen Einnahmen finanziert, oder<\/li>\n<li>Die Nutzerin\/der Nutzer beantragt Informationen, mit denen die \u00f6ffentliche Stelle ausreichende Einnahmen erwirtschaftet, um die Kosten f\u00fcr deren Sammlung, Erstellung, Vervielf\u00e4ltigung und Ver\u00f6ffentlichung zu decken,<\/li>\n<li>Punkt 2 gilt als erf\u00fcllt, wenn dies durch Gesetz oder aufgrund eines Gesetzes erlassenen Vorschrifts vorgesehen ist oder wenn eine solche Verpflichtung aus einer g\u00e4ngigen Verwaltungspraxis hervorgeht,<\/li>\n<li>Dies gilt f\u00fcr \u00f6ffentliche Stellen, die ihre Informationen als Grundlage f\u00fcr kommerzielle T\u00e4tigkeiten nutzen, welche nicht in ihren \u00f6ffentlichen Aufgabenbereich fallen.<\/li>\n<\/ol>\n<h5>Interne Akte<\/h5>\n<ul>\n<li>Aktionsplan zur Erh\u00f6hung der Transparenz und Offenheit in der \u00f6ffentlichen Stelle f\u00fcr das Jahr 2017,<\/li>\n<li>Beschluss \u00fcber die Ernennung der\/des Informationsbeauftragten,<\/li>\n<li>Beschluss \u00fcber die Einrichtung des offiziellen Registers zur Aus\u00fcbung des Rechts auf Zugang zu Informationen,<\/li>\n<li>Beschluss \u00fcber die H\u00f6he der Geb\u00fchr (Preisliste) f\u00fcr die tats\u00e4chlichen Materialkosten,<\/li>\n<li>Beschluss \u00fcber die Preisliste f\u00fcr die Kosten der Wiederverwendung von Informationen,<\/li>\n<li>Offizielles Register der Antr\u00e4ge, Verfahren und Entscheidungen \u00fcber die Aus\u00fcbung des Rechts auf Zugang zu Informationen und die Wiederverwendung von Informationen.<\/li>\n<\/ul>\n<h5>Selbstevaluierungsfragebogen<\/h5>\n<ul>\n<li><a href=\"\/wp-content\/uploads\/Upitnik-za-samoprocjenu-tjv.xls\" download=\"\">Selbstevaluierungsfragebogen TJV gem\u00e4\u00df dem Gesetz \u00fcber das Recht auf Zugang zu Informationen \u2013 TZG Novi Vinodolski<\/a><\/li>\n<\/ul>\n<h5>Berichte<\/h5>\n<ul>\n<li><a href=\"\/wp-content\/uploads\/Izvjesce-o-provedbi-Zakona-o-pravu-na-pristup-informacijama-za-2025.g.pdf\" download=\"\">Bericht \u00fcber die Umsetzung des Gesetzes \u00fcber das Recht auf Zugang zu Informationen f\u00fcr das Jahr 2025<\/a><\/li>\n<li><a href=\"\/wp-content\/uploads\/izvjesce_o_provedbi_zakona_o_pravu_na_pristup_informacijama_za_2024_godinu.pdf\" download=\"\">Bericht \u00fcber die Umsetzung des Gesetzes \u00fcber das Recht auf Zugang zu Informationen f\u00fcr das Jahr 2024<\/a><\/li>\n<li><a href=\"\/wp-content\/uploads\/Godisnje_izvjesce_2023_-_pristup_informacijama.pdf\" download=\"\">Bericht \u00fcber die Umsetzung des Gesetzes \u00fcber das Recht auf Zugang zu Informationen f\u00fcr das Jahr 2023<\/a><\/li>\n<li><a href=\"\/wp-content\/uploads\/Godisnje_izvjesce_2022.pdf\" download=\"\">Bericht \u00fcber die Umsetzung des Gesetzes \u00fcber das Recht auf Zugang zu Informationen f\u00fcr das Jahr 2022<\/a><\/li>\n<li><a href=\"\/wp-content\/uploads\/Izvjesce_o_provedbi_Zakona_o_pravu_na_pristup_informacijama_za_2021._godinu.pdf\" download=\"\">Bericht \u00fcber die Umsetzung des Gesetzes \u00fcber das Recht auf Zugang zu Informationen f\u00fcr das Jahr 2021<\/a><\/li>\n<li><a href=\"\/wp-content\/uploads\/Godisnje_izvjesce2020.pdf\" download=\"\">Bericht \u00fcber die Umsetzung des Gesetzes \u00fcber das Recht auf Zugang zu Informationen f\u00fcr das Jahr 2020<\/a><\/li>\n<li><a href=\"\/wp-content\/uploads\/Godisnje_izvjesce2019.pdf\" download=\"\">Bericht \u00fcber die Umsetzung des Gesetzes \u00fcber das Recht auf Zugang zu Informationen f\u00fcr das Jahr 2019<\/a><\/li>\n<li><a href=\"\/wp-content\/uploads\/Godisnje_izvjesce2018.pdf\" download=\"\">Bericht \u00fcber die Umsetzung des Gesetzes \u00fcber das Recht auf Zugang zu Informationen f\u00fcr das Jahr 2018<\/a><\/li>\n<li><a href=\"\/wp-content\/uploads\/Godisnje_izvjesce_2017.pdf\" download=\"\">Bericht \u00fcber die Umsetzung des Gesetzes \u00fcber das Recht auf Zugang zu Informationen f\u00fcr das Jahr 2017<\/a><\/li>\n<li><a href=\"\/wp-content\/uploads\/Godisnje_izvjesce_2016.pdf\" download=\"\">Bericht \u00fcber die Umsetzung des Gesetzes \u00fcber das Recht auf Zugang zu Informationen f\u00fcr das Jahr 2016<\/a><\/li>\n<\/ul>\n<h5>Antr\u00e4ge<\/h5>\n<ul>\n<li>Antrag auf Zugang zu Informationen<\/li>\n<li>Antrag auf Erg\u00e4nzung oder Berichtigung von Informationen<\/li>\n<li>Antrag auf Wiederverwendung von Informationen<\/li>\n<\/ul>\n<p><a href=\"https:\/\/pristupinfo.hr\/pravni-okvir\/?lang=en\" target=\"_blank\" rel=\"noopener\">Rechtsrahmen<\/a><\/p>\n","protected":false},"excerpt":{"rendered":"<p>Recht auf Zugang zu Informationen und Wiederverwendung von Informationen Auf Grundlage von Artikel 3 des Gesetzes \u00fcber das Recht auf Zugang zu Informationen (\u00bbNarodne novine\u00ab, Nr&#8230;.<\/p>\n","protected":false},"author":1,"featured_media":0,"parent":6029,"menu_order":206,"comment_status":"closed","ping_status":"closed","template":"page-legal.php","meta":{"_acf_changed":false,"footnotes":""},"class_list":["post-6165","page","type-page","status-publish","hentry"],"acf":[],"_links":{"self":[{"href":"https:\/\/tz-novi-vinodolski.hr\/de\/wp-json\/wp\/v2\/pages\/6165","targetHints":{"allow":["GET"]}}],"collection":[{"href":"https:\/\/tz-novi-vinodolski.hr\/de\/wp-json\/wp\/v2\/pages"}],"about":[{"href":"https:\/\/tz-novi-vinodolski.hr\/de\/wp-json\/wp\/v2\/types\/page"}],"author":[{"embeddable":true,"href":"https:\/\/tz-novi-vinodolski.hr\/de\/wp-json\/wp\/v2\/users\/1"}],"replies":[{"embeddable":true,"href":"https:\/\/tz-novi-vinodolski.hr\/de\/wp-json\/wp\/v2\/comments?post=6165"}],"version-history":[{"count":4,"href":"https:\/\/tz-novi-vinodolski.hr\/de\/wp-json\/wp\/v2\/pages\/6165\/revisions"}],"predecessor-version":[{"id":24532,"href":"https:\/\/tz-novi-vinodolski.hr\/de\/wp-json\/wp\/v2\/pages\/6165\/revisions\/24532"}],"up":[{"embeddable":true,"href":"https:\/\/tz-novi-vinodolski.hr\/de\/wp-json\/wp\/v2\/pages\/6029"}],"wp:attachment":[{"href":"https:\/\/tz-novi-vinodolski.hr\/de\/wp-json\/wp\/v2\/media?parent=6165"}],"curies":[{"name":"wp","href":"https:\/\/api.w.org\/{rel}","templated":true}]}}