{"id":6063,"date":"2024-05-28T16:27:33","date_gmt":"2024-05-28T14:27:33","guid":{"rendered":"https:\/\/tz-novi-vinodolski.hr\/?page_id=6063"},"modified":"2025-03-25T18:53:22","modified_gmt":"2025-03-25T17:53:22","slug":"norme-sulla-privacy-e-utilizzo-dei-cookie","status":"publish","type":"page","link":"https:\/\/tz-novi-vinodolski.hr\/it\/norme-sulla-privacy-e-utilizzo-dei-cookie\/","title":{"rendered":"Norme sulla privacy e utilizzo dei cookie"},"content":{"rendered":"<p>TZ Novi Vinodolski tutela la vostra privacy e sviluppa tecnologie che vi consentono di utilizzare Internet nel modo migliore e pi\u00f9 sicuro. Il presente documento si riferisce al sito web www.tz-novi-vinodolski.hr e disciplina le modalit\u00e0 di raccolta e utilizzo dei dati.<\/p>\n<p>Per aiutarci a proteggere la vostra privacy, vi invitiamo a leggere interamente questo testo, cos\u00ec da comprendere quali informazioni raccogliamo da voi e in che modo le utilizziamo. Ogni domanda relativa alla riservatezza dei dati pu\u00f2 essere inviata all\u2019indirizzo e-mail: info@tz-novi-vinodolski.hr<\/p>\n<h5>Raccolta dei dati personali<\/h5>\n<p>TZ Novi Vinodolski raccoglie dati personali come l\u2019indirizzo e-mail, il nome, l\u2019indirizzo di casa o di lavoro e il numero di telefono. TZ Novi Vinodolski raccoglie inoltre dati demografici anonimi che non sono unici, come et\u00e0, sesso, preferenze o interessi.<\/p>\n<p>TZ Novi Vinodolski raccoglie inoltre automaticamente informazioni riguardanti l\u2019hard disk o il software del vostro computer. Tali informazioni possono includere: il vostro indirizzo IP, il tipo di browser, il nome di dominio, l\u2019orario di accesso e gli indirizzi dei siti web. TZ Novi Vinodolski utilizza tali informazioni per offrire i propri servizi, mantenerne la qualit\u00e0 e ottenere dati statistici generali relativi all\u2019utilizzo del sito web.<\/p>\n<h5>Uso dei cookie<\/h5>\n<p>Il sito web di TZ Novi Vinodolski utilizza i cookie per adattare l\u2019uso di Internet alle vostre esigenze. Un cookie \u00e8 un file di testo memorizzato sul vostro hard disk dal server del sito web. I cookie non possono essere utilizzati per avviare programmi n\u00e9 per introdurre virus nel vostro computer. I cookie sono assegnati individualmente e possono essere letti solo dal server del sito web nel dominio che li ha originariamente creati.<\/p>\n<h5>Scopo dei cookie<\/h5>\n<p>Quando accedete a una determinata pagina, vi inviamo cookie che vengono memorizzati sul vostro computer e servono a registrare informazioni sulle vostre precedenti visite (ad esempio, quante volte avete effettuato l\u2019accesso alle pagine, ecc.). Ci\u00f2 significa che, ogni volta che accedete nuovamente al sito web, cercheremo il vostro cookie per leggere le informazioni in esso contenute. Il cookie non contiene i vostri dati personali, ma consente una pi\u00f9 rapida ed efficiente attivazione delle informazioni, dei dati e delle impostazioni che avete gi\u00e0 fornito in precedenza durante l\u2019accesso e l\u2019utilizzo del sito web. Nessun sito esterno al nostro pu\u00f2 accedere ai nostri cookie presenti sul vostro computer.<\/p>\n<p>TZ Novi Vinodolski monitora il traffico statistico delle proprie pagine esclusivamente al fine di ottenere le informazioni necessarie riguardo all\u2019attrattiva e al successo delle proprie pagine, avvalendosi di un servizio di terze parti chiamato Google Analytics. Informazioni dettagliate di terze parti su questo servizio, nonch\u00e9 le opzioni per gli utenti di regolare le impostazioni dei cookie necessari a tale scopo, sono disponibili all\u2019indirizzo <a href=\"https:\/\/www.google.com\/analytics\/learn\/privacy.html\" target=\"_blank\" rel=\"noopener\">google.com\/analytics\/learn\/privacy<\/a>.<\/p>\n<h5>Blocco dei cookie<\/h5>\n<p>Se non siete d\u2019accordo con il loro utilizzo, potete eliminare (o bloccare) facilmente i cookie dal vostro computer selezionando questa opzione nel menu Strumenti\/Opzioni (Tools\/Options) del vostro browser. Ulteriori informazioni sulla gestione dei cookie sono disponibili nelle pagine del vostro browser o su <a href=\"https:\/\/allaboutcookies.org\/\" target=\"_blank\" rel=\"noopener\">allaboutcookies.org<\/a>.<\/p>\n<h5>Utilizzo dei vostri dati personali<\/h5>\n<p>TZ Novi Vinodolski raccoglie i vostri dati personali e li utilizza per gestire il sito web e fornirvi i servizi che richiedete. I vostri dati personali vengono inoltre utilizzati per informarvi su altri prodotti o servizi offerti da TZ Novi Vinodolski.<\/p>\n<p>TZ Novi Vinodolski non trasferir\u00e0 i dati a terze parti. TZ Novi Vinodolski non vender\u00e0 n\u00e9 affitter\u00e0 elenchi di utenti a terze parti, a meno che non ne abbia l\u2019autorizzazione. TZ Novi Vinodolski potrebbe contattarvi saltuariamente per conto di partner commerciali esterni riguardo a un\u2019offerta che potrebbe interessarvi. Tuttavia, a tali terze parti non sar\u00e0 consentito utilizzare i vostri dati personali se non per fornire questi servizi a TZ Novi Vinodolski, e sar\u00e0 loro richiesto di mantenere la riservatezza dei dati.<\/p>\n<h5>Sicurezza dei vostri dati personali<\/h5>\n<p>TZ Novi Vinodolski protegge i vostri dati personali da accessi, usi o divulgazioni non autorizzati. Quando le informazioni personali (come il numero di carta di credito) vengono trasmesse attraverso il sito web, sono protette da sistemi di crittografia come il Secure Socket Layer (SSL).<\/p>\n<p>I vostri dati personali sono conservati su un server a cui possono accedere solo persone autorizzate e fornitori di servizi.<\/p>\n<p>Altri siti Internet, accessibili tramite il nostro sito, hanno le proprie dichiarazioni in materia di privacy e raccolta dei dati, nonch\u00e9 sul loro utilizzo e divulgazione. TZ Novi Vinodolski non \u00e8 responsabile delle modalit\u00e0 e delle condizioni di raccolta e trattamento dei dati da parte di terzi.<\/p>\n","protected":false},"excerpt":{"rendered":"<p>TZ Novi Vinodolski tutela la vostra privacy e sviluppa tecnologie che vi consentono di utilizzare Internet nel modo migliore e pi\u00f9 sicuro. Il presente documento si&#8230;<\/p>\n","protected":false},"author":1,"featured_media":0,"parent":0,"menu_order":226,"comment_status":"closed","ping_status":"closed","template":"page-legal.php","meta":{"_acf_changed":false,"footnotes":""},"class_list":["post-6063","page","type-page","status-publish","hentry"],"acf":[],"_links":{"self":[{"href":"https:\/\/tz-novi-vinodolski.hr\/it\/wp-json\/wp\/v2\/pages\/6063","targetHints":{"allow":["GET"]}}],"collection":[{"href":"https:\/\/tz-novi-vinodolski.hr\/it\/wp-json\/wp\/v2\/pages"}],"about":[{"href":"https:\/\/tz-novi-vinodolski.hr\/it\/wp-json\/wp\/v2\/types\/page"}],"author":[{"embeddable":true,"href":"https:\/\/tz-novi-vinodolski.hr\/it\/wp-json\/wp\/v2\/users\/1"}],"replies":[{"embeddable":true,"href":"https:\/\/tz-novi-vinodolski.hr\/it\/wp-json\/wp\/v2\/comments?post=6063"}],"version-history":[{"count":2,"href":"https:\/\/tz-novi-vinodolski.hr\/it\/wp-json\/wp\/v2\/pages\/6063\/revisions"}],"predecessor-version":[{"id":8387,"href":"https:\/\/tz-novi-vinodolski.hr\/it\/wp-json\/wp\/v2\/pages\/6063\/revisions\/8387"}],"wp:attachment":[{"href":"https:\/\/tz-novi-vinodolski.hr\/it\/wp-json\/wp\/v2\/media?parent=6063"}],"curies":[{"name":"wp","href":"https:\/\/api.w.org\/{rel}","templated":true}]}}